{"id":318,"date":"2017-05-06T18:28:25","date_gmt":"2017-05-06T16:28:25","guid":{"rendered":"http:\/\/ugunduzi.org\/?page_id=318"},"modified":"2024-09-11T18:35:26","modified_gmt":"2024-09-11T16:35:26","slug":"a-propos","status":"publish","type":"page","link":"http:\/\/ugunduzi.org\/?page_id=318","title":{"rendered":"La Boutique Ugunduzi"},"content":{"rendered":"<p><img loading=\"lazy\" decoding=\"async\" class=\"alignnone wp-image-186 \" src=\"http:\/\/ugunduzi.org\/wp-content\/uploads\/2017\/05\/Mont-Blanc.jpg\" alt=\"\" width=\"2046\" height=\"1151\" srcset=\"http:\/\/ugunduzi.org\/wp-content\/uploads\/2017\/05\/Mont-Blanc.jpg 1778w, http:\/\/ugunduzi.org\/wp-content\/uploads\/2017\/05\/Mont-Blanc-300x169.jpg 300w, http:\/\/ugunduzi.org\/wp-content\/uploads\/2017\/05\/Mont-Blanc-768x432.jpg 768w, http:\/\/ugunduzi.org\/wp-content\/uploads\/2017\/05\/Mont-Blanc-1024x576.jpg 1024w\" sizes=\"auto, (max-width: 2046px) 100vw, 2046px\" \/><\/p>\n<p><a href=\"http:\/\/www.erraza.fr\"><em><span style=\"color: #808080\">Ugunduzi est un site de photographies, r\u00e9alis\u00e9 par un photographe, qui ose, imprudemment, exposer quelques clich\u00e9s. Avec ce site, je n'ai aucune ambition artistique et je n'ai aucune ambition commerciale; seulement de me faire plaisir. Aucune pr\u00e9tention de r\u00e9aliser des chefs d'oeuvre, la photographie est une art bien trop exigeant, mais j'y prends un tel r\u00e9el plaisir. J'essaye de trouver mon propre regard ; h\u00e9las, pas encore, ni assez\u00a0technique, ni assez artistique! Mais cela m'amuse et c'est le plus important. Soyez donc indulgent, et si vous y trouvez un quelconque int\u00e9r\u00eat, ce ne sera que du bonus.<\/span><\/em><\/a><\/p>\n<p><a href=\"http:\/\/www.erraza.fr\"><em><span style=\"color: #808080\">Le mot Ugunduzi, est un mot de la langue Swahili, langue Bantoue d'Afrique de l'est parl\u00e9e au Kenya, en Ouganda et en Tanzanie; il veut dire d\u00e9couverte, innovation, cr\u00e9ation. <\/span><\/em><\/a><\/p>\n<p><a href=\"http:\/\/www.erraza.fr\"><em><span style=\"color: #808080\">Voil\u00e0, c'est pourquoi j'ai choisi ce beau mot, car tout y est dit. <\/span><\/em><\/a><\/p>\n<p><span style=\"color: #808080\"><i>Bonne d\u00e9couverte ! <\/i><\/span><\/p>\n","protected":false},"excerpt":{"rendered":"<p>Ugunduzi est un site de photographies, r\u00e9alis\u00e9 par un photographe, qui ose, imprudemment, exposer quelques clich\u00e9s. Avec ce site, je n&rsquo;ai aucune ambition artistique et je n&rsquo;ai aucune ambition commerciale; seulement de me faire plaisir. Aucune pr\u00e9tention de r\u00e9aliser des chefs d&rsquo;oeuvre, la photographie est une art bien trop exigeant, mais j&rsquo;y prends un tel [&hellip;]<\/p>\n","protected":false},"author":1,"featured_media":0,"parent":0,"menu_order":11,"comment_status":"open","ping_status":"closed","template":"","meta":{"footnotes":""},"class_list":["post-318","page","type-page","status-publish","hentry"],"_links":{"self":[{"href":"http:\/\/ugunduzi.org\/index.php?rest_route=\/wp\/v2\/pages\/318","targetHints":{"allow":["GET"]}}],"collection":[{"href":"http:\/\/ugunduzi.org\/index.php?rest_route=\/wp\/v2\/pages"}],"about":[{"href":"http:\/\/ugunduzi.org\/index.php?rest_route=\/wp\/v2\/types\/page"}],"author":[{"embeddable":true,"href":"http:\/\/ugunduzi.org\/index.php?rest_route=\/wp\/v2\/users\/1"}],"replies":[{"embeddable":true,"href":"http:\/\/ugunduzi.org\/index.php?rest_route=%2Fwp%2Fv2%2Fcomments&post=318"}],"version-history":[{"count":43,"href":"http:\/\/ugunduzi.org\/index.php?rest_route=\/wp\/v2\/pages\/318\/revisions"}],"predecessor-version":[{"id":14579,"href":"http:\/\/ugunduzi.org\/index.php?rest_route=\/wp\/v2\/pages\/318\/revisions\/14579"}],"wp:attachment":[{"href":"http:\/\/ugunduzi.org\/index.php?rest_route=%2Fwp%2Fv2%2Fmedia&parent=318"}],"curies":[{"name":"wp","href":"https:\/\/api.w.org\/{rel}","templated":true}]}}